{"id":3058,"date":"2023-04-19T19:39:47","date_gmt":"2023-04-19T17:39:47","guid":{"rendered":"https:\/\/ths-ip.de\/imprint\/"},"modified":"2023-05-01T17:46:19","modified_gmt":"2023-05-01T15:46:19","slug":"imprint","status":"publish","type":"page","link":"https:\/\/ths-ip.de\/en\/imprint\/","title":{"rendered":"IMPRINT"},"content":{"rendered":"<p><div id='av_section_1'  class='avia-section av-lgxwwqf4-ae3880effe0b99cca450ccc0c96ce798 main_color avia-section-default avia-no-border-styling  avia-builder-el-0  el_before_av_image  avia-builder-el-first  avia-bg-style-scroll av-minimum-height av-minimum-height-100 av-height-100  container_wrap sidebar_right'   data-av_minimum_height_pc='100' data-av_min_height_opt='100'><div class='container av-section-cont-open' ><main  role=\"main\" itemprop=\"mainContentOfPage\"  class='template-page content  av-content-small alpha units'><div class='post-entry post-entry-type-page post-entry-3058'><div class='entry-content-wrapper clearfix'>\n\n<style type=\"text\/css\" data-created_by=\"avia_inline_auto\" id=\"style-css-av-csimn-f6f4f2a2535ad2e5c99a5275044c8e67\">\n#top .flex_column.av-csimn-f6f4f2a2535ad2e5c99a5275044c8e67{\nmargin-bottom:0px;\n}\n.flex_column.av-csimn-f6f4f2a2535ad2e5c99a5275044c8e67{\npadding:156px 0 0 0;\n}\n.responsive #top #wrap_all .flex_column.av-csimn-f6f4f2a2535ad2e5c99a5275044c8e67{\nmargin-bottom:0px;\n}\n<\/style>\n<div  class='flex_column av-csimn-f6f4f2a2535ad2e5c99a5275044c8e67 av_one_half  avia-builder-el-1  el_before_av_one_half  avia-builder-el-first  first flex_column_div  '     ><section  class='av_textblock_section av-lggg0p0l-efe1bb9428cc1ea5bafd3685e4be770d '   itemscope=\"itemscope\" itemtype=\"https:\/\/schema.org\/CreativeWork\" ><div class='avia_textblock'  itemprop=\"text\" ><h4 style=\"text-align: left;\"><strong>Impressum<\/strong><br \/>\n<span style=\"color: #999999;\">Information pursuant to \u00a7 5 TMG:<\/span><\/h4>\n<\/div><\/section><\/div>\n<style type=\"text\/css\" data-created_by=\"avia_inline_auto\" id=\"style-css-av-9ejfb-c7f2cd1b268e8eebf3ca214596688757\">\n#top .flex_column.av-9ejfb-c7f2cd1b268e8eebf3ca214596688757{\nmargin-bottom:0px;\n}\n.flex_column.av-9ejfb-c7f2cd1b268e8eebf3ca214596688757{\npadding:150px 0 0 0;\n}\n.responsive #top #wrap_all .flex_column.av-9ejfb-c7f2cd1b268e8eebf3ca214596688757{\nmargin-bottom:0px;\n}\n<\/style>\n<div  class='flex_column av-9ejfb-c7f2cd1b268e8eebf3ca214596688757 av_one_half  avia-builder-el-3  el_after_av_one_half  avia-builder-el-last  flex_column_div  '     ><section  class='av_textblock_section av-fmu3v-168dfde053942794bcbce4d8cb8f127e '   itemscope=\"itemscope\" itemtype=\"https:\/\/schema.org\/CreativeWork\" ><div class='avia_textblock'  itemprop=\"text\" ><p >THS.IT Taxhet Hellenbrand Schmitt Rechtsanw\u00e4lte in Partnerschaft mbB<\/p>\n<p >In questions of professional issues pursuant to Bundesrechtsanwaltsordnung each partner is authorized to represent the law firm with full authority. In any other issue the law firm is represented by two partners.<\/p>\n<p \">partners: Dr. Martina Taxhet \/ Jan Hellenbrand \/ Christian Schmitt<\/p>\n<p >Friesenstra\u00dfe 5-15<br \/>\n50670 K\u00f6ln<br \/>\npartnership register district court Essen, PR 3421<\/p>\n<p ><strong>t:<\/strong> +49.(0)221.88 8 88 2.0<br \/>\n<strong>f:<\/strong> +49.(0)221.88 8 88 2.10<br \/>\n<strong>e<\/strong>: info@ths-ip.de<\/p>\n<p>VAT-IdentNr.: DE 815.220.932<\/p>\n<p \">All lawyers of THS.IP are admitted to the bar in the Federal Republic of Germany. They bear the professional title \u201cRechtsanw\u00e4ltin\u201d\/\u201dRechtsanwalt\u201d. They are members of their local Law Society namely Rechtsanwaltskammer K\u00f6ln, Riehlerstra\u00dfe, 50668 K\u00f6ln<\/p>\n<p \">Provisions, our work is regulated by, can be found on the website www.brak.de section &#8220;Berufsrecht&#8221;. These are:<\/p>\n<ul>\n<li>Bundesrechtsanwaltsordnung (BRAO),<\/li>\n<li>Fachanwaltsordnung (FAO),<\/li>\n<li>Berufsordnung der Rechtsanw\u00e4lte (BORA),<\/li>\n<li>Rechtsanwaltsverg\u00fctungsgesetz (RVG),<\/li>\n<li>Standesregeln der Rechtsanw\u00e4lte in der Europ\u00e4ischen Gemeinschaft (CCBE \u2013 Berufsregeln)<\/li>\n<\/ul>\n<p>Professional indemnity is assured with Allianz Versicherungs-AG, 10900 Berlin. Area of applicability comprises workings within all member states of the Eurpean Union.<\/p>\n<p \">All pictures, texts, graphics and other items are covered by copyright law. Each duplication and other use of these items has to be preliminary permitted.<\/p>\n<p>Fotos: Fabian St\u00fcrtz<br \/>\n<a href=\"http:\/\/www.fabian-stuertz.com\/\">www.fabian-stuertz.com<\/a><\/p>\n<p>\u00a9 THS.IP<\/p>\n<p \">Disclaimer:<\/p>\n<p \">As far as this website links to another website this doesn&#8217;t mean that we stand for the linked website&#8217;s content. THS IP doesn&#8217;t take over any responsibility for the correctness or the legality of this external content.<\/p>\n<p \">Any assignment of THS IP requires an explicit confirmation by THS.IP. Particularly the sole forwarding of an email doesn&#8217;t lead to any contractual relationship.<\/p>\n<\/div><\/section><\/div>\n<\/div><\/div><\/main><!-- close content main element --><\/div><\/div><div id='after_section_1'  class='main_color av_default_container_wrap container_wrap sidebar_right'  ><div class='container av-section-cont-open' ><div class='template-page content  av-content-small alpha units'><div class='post-entry post-entry-type-page post-entry-3058'><div class='entry-content-wrapper clearfix'>\n<style type=\"text\/css\" data-created_by=\"avia_inline_auto\" id=\"style-css-av-lh1x3jac-3e6e079e123b162edc2bd86b5101287f\">\n.avia-image-container.av-lh1x3jac-3e6e079e123b162edc2bd86b5101287f img.avia_image{\nbox-shadow:none;\n}\n.avia-image-container.av-lh1x3jac-3e6e079e123b162edc2bd86b5101287f .av-image-caption-overlay-center{\ncolor:#ffffff;\n}\n<\/style>\n<div  class='avia-image-container av-lh1x3jac-3e6e079e123b162edc2bd86b5101287f av-styling- av-img-linked avia-align-center  avia-builder-el-5  el_after_av_section  el_before_av_image  avia-builder-el-first  obenfix'   itemprop=\"image\" itemscope=\"itemscope\" itemtype=\"https:\/\/schema.org\/ImageObject\" ><div class=\"avia-image-container-inner\"><div class=\"avia-image-overlay-wrap\"><a href=\"https:\/\/ths-ip.de\/en\/contact\/\" class='avia_image '  aria-label='oben'><img decoding=\"async\" fetchpriority=\"high\" class='wp-image-1473 avia-img-lazy-loading-not-1473 avia_image ' src=\"https:\/\/ths-ip.de\/wp-content\/uploads\/2023\/04\/oben-3.svg\" alt='' title='oben'  height=\"72.416\" width=\"117.831\"  itemprop=\"thumbnailUrl\"  \/><\/a><\/div><\/div><\/div><\/p>\n\n<style type=\"text\/css\" data-created_by=\"avia_inline_auto\" id=\"style-css-av-lgz30ws4-b6885e13823631a5d5af2d4ca8c449a3\">\n.avia-image-container.av-lgz30ws4-b6885e13823631a5d5af2d4ca8c449a3 img.avia_image{\nbox-shadow:none;\n}\n.avia-image-container.av-lgz30ws4-b6885e13823631a5d5af2d4ca8c449a3 .av-image-caption-overlay-center{\ncolor:#ffffff;\n}\n<\/style>\n<div  class='avia-image-container av-lgz30ws4-b6885e13823631a5d5af2d4ca8c449a3 av-styling- av-img-linked avia-align-center  avia-builder-el-6  el_after_av_image  avia-builder-el-last  downfix'   itemprop=\"image\" itemscope=\"itemscope\" itemtype=\"https:\/\/schema.org\/ImageObject\" ><div class=\"avia-image-container-inner\"><div class=\"avia-image-overlay-wrap\"><a href=\"https:\/\/ths-ip.de\/datenschutzerklaerung-2\/\" class='avia_image '  aria-label='arrow_down2'><img decoding=\"async\" fetchpriority=\"high\" class='wp-image-1296 avia-img-lazy-loading-not-1296 avia_image ' src=\"https:\/\/ths-ip.de\/wp-content\/uploads\/2023\/04\/arrow_down2.svg\" alt='' title='arrow_down2'  height=\"72.416\" width=\"117.831\"  itemprop=\"thumbnailUrl\"  \/><\/a><\/div><\/div><\/div>\n","protected":false},"excerpt":{"rendered":"","protected":false},"author":1,"featured_media":0,"parent":0,"menu_order":0,"comment_status":"closed","ping_status":"closed","template":"","meta":{"footnotes":""},"class_list":["post-3058","page","type-page","status-publish","hentry"],"yoast_head":"<!-- This site is optimized with the Yoast SEO plugin v25.5 - https:\/\/yoast.com\/wordpress\/plugins\/seo\/ -->\n<title>IMPRINT - THS.IP<\/title>\n<meta name=\"robots\" content=\"index, follow, max-snippet:-1, max-image-preview:large, max-video-preview:-1\" \/>\n<link rel=\"canonical\" href=\"https:\/\/ths-ip.de\/en\/imprint\/\" \/>\n<meta property=\"og:locale\" content=\"en_US\" \/>\n<meta property=\"og:type\" content=\"article\" \/>\n<meta property=\"og:title\" content=\"IMPRINT - THS.IP\" \/>\n<meta property=\"og:url\" content=\"https:\/\/ths-ip.de\/en\/imprint\/\" \/>\n<meta property=\"og:site_name\" content=\"THS.IP\" \/>\n<meta property=\"article:modified_time\" content=\"2023-05-01T15:46:19+00:00\" \/>\n<meta name=\"twitter:card\" content=\"summary_large_image\" \/>\n<meta name=\"twitter:label1\" content=\"Est. reading time\" \/>\n\t<meta name=\"twitter:data1\" content=\"6 minutes\" \/>\n<script type=\"application\/ld+json\" class=\"yoast-schema-graph\">{\"@context\":\"https:\/\/schema.org\",\"@graph\":[{\"@type\":\"WebPage\",\"@id\":\"https:\/\/ths-ip.de\/en\/imprint\/\",\"url\":\"https:\/\/ths-ip.de\/en\/imprint\/\",\"name\":\"IMPRINT - THS.IP\",\"isPartOf\":{\"@id\":\"https:\/\/ths-ip.de\/#website\"},\"datePublished\":\"2023-04-19T17:39:47+00:00\",\"dateModified\":\"2023-05-01T15:46:19+00:00\",\"breadcrumb\":{\"@id\":\"https:\/\/ths-ip.de\/en\/imprint\/#breadcrumb\"},\"inLanguage\":\"en-US\",\"potentialAction\":[{\"@type\":\"ReadAction\",\"target\":[\"https:\/\/ths-ip.de\/en\/imprint\/\"]}]},{\"@type\":\"BreadcrumbList\",\"@id\":\"https:\/\/ths-ip.de\/en\/imprint\/#breadcrumb\",\"itemListElement\":[{\"@type\":\"ListItem\",\"position\":1,\"name\":\"Startseite\",\"item\":\"https:\/\/ths-ip.de\/en\/\"},{\"@type\":\"ListItem\",\"position\":2,\"name\":\"IMPRINT\"}]},{\"@type\":\"WebSite\",\"@id\":\"https:\/\/ths-ip.de\/#website\",\"url\":\"https:\/\/ths-ip.de\/\",\"name\":\"THS.IP\",\"description\":\"IP . Medien . Wettbewerb. IT\",\"potentialAction\":[{\"@type\":\"SearchAction\",\"target\":{\"@type\":\"EntryPoint\",\"urlTemplate\":\"https:\/\/ths-ip.de\/?s={search_term_string}\"},\"query-input\":{\"@type\":\"PropertyValueSpecification\",\"valueRequired\":true,\"valueName\":\"search_term_string\"}}],\"inLanguage\":\"en-US\"}]}<\/script>\n<!-- \/ Yoast SEO plugin. -->","yoast_head_json":{"title":"IMPRINT - THS.IP","robots":{"index":"index","follow":"follow","max-snippet":"max-snippet:-1","max-image-preview":"max-image-preview:large","max-video-preview":"max-video-preview:-1"},"canonical":"https:\/\/ths-ip.de\/en\/imprint\/","og_locale":"en_US","og_type":"article","og_title":"IMPRINT - THS.IP","og_url":"https:\/\/ths-ip.de\/en\/imprint\/","og_site_name":"THS.IP","article_modified_time":"2023-05-01T15:46:19+00:00","twitter_card":"summary_large_image","twitter_misc":{"Est. reading time":"6 minutes"},"schema":{"@context":"https:\/\/schema.org","@graph":[{"@type":"WebPage","@id":"https:\/\/ths-ip.de\/en\/imprint\/","url":"https:\/\/ths-ip.de\/en\/imprint\/","name":"IMPRINT - THS.IP","isPartOf":{"@id":"https:\/\/ths-ip.de\/#website"},"datePublished":"2023-04-19T17:39:47+00:00","dateModified":"2023-05-01T15:46:19+00:00","breadcrumb":{"@id":"https:\/\/ths-ip.de\/en\/imprint\/#breadcrumb"},"inLanguage":"en-US","potentialAction":[{"@type":"ReadAction","target":["https:\/\/ths-ip.de\/en\/imprint\/"]}]},{"@type":"BreadcrumbList","@id":"https:\/\/ths-ip.de\/en\/imprint\/#breadcrumb","itemListElement":[{"@type":"ListItem","position":1,"name":"Startseite","item":"https:\/\/ths-ip.de\/en\/"},{"@type":"ListItem","position":2,"name":"IMPRINT"}]},{"@type":"WebSite","@id":"https:\/\/ths-ip.de\/#website","url":"https:\/\/ths-ip.de\/","name":"THS.IP","description":"IP . Medien . Wettbewerb. IT","potentialAction":[{"@type":"SearchAction","target":{"@type":"EntryPoint","urlTemplate":"https:\/\/ths-ip.de\/?s={search_term_string}"},"query-input":{"@type":"PropertyValueSpecification","valueRequired":true,"valueName":"search_term_string"}}],"inLanguage":"en-US"}]}},"_links":{"self":[{"href":"https:\/\/ths-ip.de\/en\/wp-json\/wp\/v2\/pages\/3058","targetHints":{"allow":["GET"]}}],"collection":[{"href":"https:\/\/ths-ip.de\/en\/wp-json\/wp\/v2\/pages"}],"about":[{"href":"https:\/\/ths-ip.de\/en\/wp-json\/wp\/v2\/types\/page"}],"author":[{"embeddable":true,"href":"https:\/\/ths-ip.de\/en\/wp-json\/wp\/v2\/users\/1"}],"replies":[{"embeddable":true,"href":"https:\/\/ths-ip.de\/en\/wp-json\/wp\/v2\/comments?post=3058"}],"version-history":[{"count":5,"href":"https:\/\/ths-ip.de\/en\/wp-json\/wp\/v2\/pages\/3058\/revisions"}],"predecessor-version":[{"id":3066,"href":"https:\/\/ths-ip.de\/en\/wp-json\/wp\/v2\/pages\/3058\/revisions\/3066"}],"wp:attachment":[{"href":"https:\/\/ths-ip.de\/en\/wp-json\/wp\/v2\/media?parent=3058"}],"curies":[{"name":"wp","href":"https:\/\/api.w.org\/{rel}","templated":true}]}}